{"id":791,"date":"2023-10-10T21:59:24","date_gmt":"2023-10-11T03:59:24","guid":{"rendered":"https:\/\/corvusmty.com\/?page_id=791"},"modified":"2024-09-10T11:39:13","modified_gmt":"2024-09-10T17:39:13","slug":"why","status":"publish","type":"page","link":"https:\/\/corvusmty.com\/en\/about\/why\/","title":{"rendered":"Why"},"content":{"rendered":"<div class=\"wp-block-group has-global-padding is-layout-constrained wp-block-group-is-layout-constrained\">\n<h3 class=\"wp-block-heading has-text-align-center\">Misi\u00f3n<\/h3>\n\n\n\n<div class=\"wp-block-columns is-layout-flex wp-container-core-columns-is-layout-28f84493 wp-block-columns-is-layout-flex\">\n<div class=\"wp-block-column is-layout-flow wp-block-column-is-layout-flow\" style=\"flex-basis:100%\">\n<p class=\"paragraphJustify\">Despertar en el turista un inter\u00e9s genuino por la naturaleza, que en conjunto respetemos y valoremos el medio ambiente. Caracterizarnos por ofrecer servicios personalizados generando confianza, autoestima y crecimiento emocional.<\/p>\n<\/div>\n<\/div>\n\n\n\n<h3 class=\"wp-block-heading has-text-align-center\">Visi\u00f3n<\/h3>\n\n\n\n<div class=\"wp-block-columns is-layout-flex wp-container-core-columns-is-layout-28f84493 wp-block-columns-is-layout-flex\">\n<div class=\"wp-block-column is-layout-flow wp-block-column-is-layout-flow\" style=\"flex-basis:100%\">\n<p class=\"paragraphJustify\">Ser uno de los 5 principales proveedores de servicios tur\u00edsticos en el noreste de M\u00e9xico para el a\u00f1o 2030; Capacit\u00e1ndonos constantemente en diversas \u00e1reas t\u00e9cnicas, tipos de ecosistemas, temas sociales y culturales, logrando as\u00ed guiar a nuestros turistas hacia un cambio f\u00edsico, emocional y conectados con la naturaleza.<\/p>\n<\/div>\n<\/div>\n<\/div>","protected":false},"excerpt":{"rendered":"<p>Misi\u00f3n Despertar en el turista un inter\u00e9s genuino por la naturaleza, que en conjunto respetemos y valoremos el medio ambiente. Caracterizarnos por ofrecer servicios personalizados generando confianza, autoestima y crecimiento emocional. Visi\u00f3n Ser uno de los 5 principales proveedores de servicios tur\u00edsticos en el noreste de M\u00e9xico para el a\u00f1o 2030; Capacit\u00e1ndonos constantemente en diversas [&hellip;]<\/p>\n","protected":false},"author":1,"featured_media":0,"parent":46,"menu_order":0,"comment_status":"closed","ping_status":"closed","template":"","meta":{"footnotes":""},"class_list":["post-791","page","type-page","status-publish","hentry"],"featured_image_url":[],"post_author":"Uriel Fernandez","assigned_categories":"","yoast_head":"<!-- This site is optimized with the Yoast SEO plugin v27.4 - https:\/\/yoast.com\/product\/yoast-seo-wordpress\/ -->\n<title>Why - CORVUS<\/title>\n<meta name=\"robots\" content=\"index, follow, max-snippet:-1, max-image-preview:large, max-video-preview:-1\" \/>\n<link rel=\"canonical\" href=\"https:\/\/corvusmty.com\/en\/about\/why\/\" \/>\n<meta property=\"og:locale\" content=\"en_US\" \/>\n<meta property=\"og:type\" content=\"article\" \/>\n<meta property=\"og:title\" content=\"Why - CORVUS\" \/>\n<meta property=\"og:description\" content=\"Misi\u00f3n Despertar en el turista un inter\u00e9s genuino por la naturaleza, que en conjunto respetemos y valoremos el medio ambiente. Caracterizarnos por ofrecer servicios personalizados generando confianza, autoestima y crecimiento emocional. Visi\u00f3n Ser uno de los 5 principales proveedores de servicios tur\u00edsticos en el noreste de M\u00e9xico para el a\u00f1o 2030; Capacit\u00e1ndonos constantemente en diversas [&hellip;]\" \/>\n<meta property=\"og:url\" content=\"https:\/\/corvusmty.com\/en\/about\/why\/\" \/>\n<meta property=\"og:site_name\" content=\"CORVUS\" \/>\n<meta property=\"article:publisher\" content=\"https:\/\/www.facebook.com\/profile.php?id=61565897361252\" \/>\n<meta property=\"article:modified_time\" content=\"2024-09-10T17:39:13+00:00\" \/>\n<meta name=\"twitter:card\" content=\"summary_large_image\" \/>\n<script type=\"application\/ld+json\" class=\"yoast-schema-graph\">{\"@context\":\"https:\\\/\\\/schema.org\",\"@graph\":[{\"@type\":\"WebPage\",\"@id\":\"https:\\\/\\\/corvusmty.com\\\/about\\\/why\\\/\",\"url\":\"https:\\\/\\\/corvusmty.com\\\/about\\\/why\\\/\",\"name\":\"Why - CORVUS\",\"isPartOf\":{\"@id\":\"https:\\\/\\\/corvusmty.com\\\/#website\"},\"datePublished\":\"2023-10-11T03:59:24+00:00\",\"dateModified\":\"2024-09-10T17:39:13+00:00\",\"breadcrumb\":{\"@id\":\"https:\\\/\\\/corvusmty.com\\\/about\\\/why\\\/#breadcrumb\"},\"inLanguage\":\"en-US\",\"potentialAction\":[{\"@type\":\"ReadAction\",\"target\":[\"https:\\\/\\\/corvusmty.com\\\/about\\\/why\\\/\"]}]},{\"@type\":\"BreadcrumbList\",\"@id\":\"https:\\\/\\\/corvusmty.com\\\/about\\\/why\\\/#breadcrumb\",\"itemListElement\":[{\"@type\":\"ListItem\",\"position\":1,\"name\":\"Home\",\"item\":\"https:\\\/\\\/corvusmty.com\\\/\"},{\"@type\":\"ListItem\",\"position\":2,\"name\":\"About\",\"item\":\"https:\\\/\\\/corvusmty.com\\\/about\\\/\"},{\"@type\":\"ListItem\",\"position\":3,\"name\":\"Why\"}]},{\"@type\":\"WebSite\",\"@id\":\"https:\\\/\\\/corvusmty.com\\\/#website\",\"url\":\"https:\\\/\\\/corvusmty.com\\\/\",\"name\":\"CORVUS\",\"description\":\"We are here to help you reach your next adventure\",\"publisher\":{\"@id\":\"https:\\\/\\\/corvusmty.com\\\/#organization\"},\"potentialAction\":[{\"@type\":\"SearchAction\",\"target\":{\"@type\":\"EntryPoint\",\"urlTemplate\":\"https:\\\/\\\/corvusmty.com\\\/?s={search_term_string}\"},\"query-input\":{\"@type\":\"PropertyValueSpecification\",\"valueRequired\":true,\"valueName\":\"search_term_string\"}}],\"inLanguage\":\"en-US\"},{\"@type\":\"Organization\",\"@id\":\"https:\\\/\\\/corvusmty.com\\\/#organization\",\"name\":\"CORVUS\",\"url\":\"https:\\\/\\\/corvusmty.com\\\/\",\"logo\":{\"@type\":\"ImageObject\",\"inLanguage\":\"en-US\",\"@id\":\"https:\\\/\\\/corvusmty.com\\\/#\\\/schema\\\/logo\\\/image\\\/\",\"url\":\"https:\\\/\\\/corvusmty.com\\\/wp-content\\\/uploads\\\/2024\\\/09\\\/Logo_512x512_transparent_bg.png\",\"contentUrl\":\"https:\\\/\\\/corvusmty.com\\\/wp-content\\\/uploads\\\/2024\\\/09\\\/Logo_512x512_transparent_bg.png\",\"width\":512,\"height\":512,\"caption\":\"CORVUS\"},\"image\":{\"@id\":\"https:\\\/\\\/corvusmty.com\\\/#\\\/schema\\\/logo\\\/image\\\/\"},\"sameAs\":[\"https:\\\/\\\/www.facebook.com\\\/profile.php?id=61565897361252\",\"https:\\\/\\\/www.instagram.com\\\/corvusmty\"]}]}<\/script>\n<!-- \/ Yoast SEO plugin. -->","yoast_head_json":{"title":"Why - CORVUS","robots":{"index":"index","follow":"follow","max-snippet":"max-snippet:-1","max-image-preview":"max-image-preview:large","max-video-preview":"max-video-preview:-1"},"canonical":"https:\/\/corvusmty.com\/en\/about\/why\/","og_locale":"en_US","og_type":"article","og_title":"Why - CORVUS","og_description":"Misi\u00f3n Despertar en el turista un inter\u00e9s genuino por la naturaleza, que en conjunto respetemos y valoremos el medio ambiente. Caracterizarnos por ofrecer servicios personalizados generando confianza, autoestima y crecimiento emocional. Visi\u00f3n Ser uno de los 5 principales proveedores de servicios tur\u00edsticos en el noreste de M\u00e9xico para el a\u00f1o 2030; Capacit\u00e1ndonos constantemente en diversas [&hellip;]","og_url":"https:\/\/corvusmty.com\/en\/about\/why\/","og_site_name":"CORVUS","article_publisher":"https:\/\/www.facebook.com\/profile.php?id=61565897361252","article_modified_time":"2024-09-10T17:39:13+00:00","twitter_card":"summary_large_image","schema":{"@context":"https:\/\/schema.org","@graph":[{"@type":"WebPage","@id":"https:\/\/corvusmty.com\/about\/why\/","url":"https:\/\/corvusmty.com\/about\/why\/","name":"Why - CORVUS","isPartOf":{"@id":"https:\/\/corvusmty.com\/#website"},"datePublished":"2023-10-11T03:59:24+00:00","dateModified":"2024-09-10T17:39:13+00:00","breadcrumb":{"@id":"https:\/\/corvusmty.com\/about\/why\/#breadcrumb"},"inLanguage":"en-US","potentialAction":[{"@type":"ReadAction","target":["https:\/\/corvusmty.com\/about\/why\/"]}]},{"@type":"BreadcrumbList","@id":"https:\/\/corvusmty.com\/about\/why\/#breadcrumb","itemListElement":[{"@type":"ListItem","position":1,"name":"Home","item":"https:\/\/corvusmty.com\/"},{"@type":"ListItem","position":2,"name":"About","item":"https:\/\/corvusmty.com\/about\/"},{"@type":"ListItem","position":3,"name":"Why"}]},{"@type":"WebSite","@id":"https:\/\/corvusmty.com\/#website","url":"https:\/\/corvusmty.com\/","name":"CORVUS","description":"We are here to help you reach your next adventure","publisher":{"@id":"https:\/\/corvusmty.com\/#organization"},"potentialAction":[{"@type":"SearchAction","target":{"@type":"EntryPoint","urlTemplate":"https:\/\/corvusmty.com\/?s={search_term_string}"},"query-input":{"@type":"PropertyValueSpecification","valueRequired":true,"valueName":"search_term_string"}}],"inLanguage":"en-US"},{"@type":"Organization","@id":"https:\/\/corvusmty.com\/#organization","name":"CORVUS","url":"https:\/\/corvusmty.com\/","logo":{"@type":"ImageObject","inLanguage":"en-US","@id":"https:\/\/corvusmty.com\/#\/schema\/logo\/image\/","url":"https:\/\/corvusmty.com\/wp-content\/uploads\/2024\/09\/Logo_512x512_transparent_bg.png","contentUrl":"https:\/\/corvusmty.com\/wp-content\/uploads\/2024\/09\/Logo_512x512_transparent_bg.png","width":512,"height":512,"caption":"CORVUS"},"image":{"@id":"https:\/\/corvusmty.com\/#\/schema\/logo\/image\/"},"sameAs":["https:\/\/www.facebook.com\/profile.php?id=61565897361252","https:\/\/www.instagram.com\/corvusmty"]}]}},"jetpack_sharing_enabled":true,"_links":{"self":[{"href":"https:\/\/corvusmty.com\/en\/wp-json\/wp\/v2\/pages\/791","targetHints":{"allow":["GET"]}}],"collection":[{"href":"https:\/\/corvusmty.com\/en\/wp-json\/wp\/v2\/pages"}],"about":[{"href":"https:\/\/corvusmty.com\/en\/wp-json\/wp\/v2\/types\/page"}],"author":[{"embeddable":true,"href":"https:\/\/corvusmty.com\/en\/wp-json\/wp\/v2\/users\/1"}],"replies":[{"embeddable":true,"href":"https:\/\/corvusmty.com\/en\/wp-json\/wp\/v2\/comments?post=791"}],"version-history":[{"count":23,"href":"https:\/\/corvusmty.com\/en\/wp-json\/wp\/v2\/pages\/791\/revisions"}],"predecessor-version":[{"id":1305,"href":"https:\/\/corvusmty.com\/en\/wp-json\/wp\/v2\/pages\/791\/revisions\/1305"}],"up":[{"embeddable":true,"href":"https:\/\/corvusmty.com\/en\/wp-json\/wp\/v2\/pages\/46"}],"wp:attachment":[{"href":"https:\/\/corvusmty.com\/en\/wp-json\/wp\/v2\/media?parent=791"}],"curies":[{"name":"wp","href":"https:\/\/api.w.org\/{rel}","templated":true}]}}