{"id":46,"date":"2023-05-11T03:42:57","date_gmt":"2023-05-11T03:42:57","guid":{"rendered":"https:\/\/corvusmty.com\/?page_id=46"},"modified":"2023-10-10T21:59:50","modified_gmt":"2023-10-11T03:59:50","slug":"about","status":"publish","type":"page","link":"https:\/\/corvusmty.com\/en\/about\/","title":{"rendered":"About"},"content":{"rendered":"<div class=\"wp-block-group has-global-padding is-layout-constrained wp-block-group-is-layout-constrained\">\n<div class=\"wp-block-columns is-layout-flex wp-container-core-columns-is-layout-28f84493 wp-block-columns-is-layout-flex\">\n<div class=\"wp-block-column is-layout-flow wp-block-column-is-layout-flow\">\n<h2 class=\"wp-block-heading\">Who are we?<\/h2>\n\n\n\n<p class=\"paragraphJustify\">We are Cinthya and Uriel, two climbers who met each other in 2015 and decided to form a family.<\/p>\n\n\n\n<p class=\"paragraphJustify\">Cinthya was born in M\u00e9xico City and grew up in the city of Tampico, Tamaulipas. She stumbled onto rock climbing while she was living in the city of Queretaro around 2010 and it has been a big part of her life since then.<\/p>\n\n\n\n<p class=\"paragraphJustify\">Uriel was born in Francisco I. Madero and grew up in the city of Torre\u00f3n, Coahuila. He moved to Monterrey to find work and found a lot more than that. Started rock-climbing around 2012.<\/p>\n\n\n\n<p class=\"paragraphJustify\"><\/p>\n<\/div>\n\n\n\n<div class=\"wp-block-column is-layout-flow wp-block-column-is-layout-flow\">\n<h2 class=\"wp-block-heading\">\u00bfQuienes Somos?<\/h2>\n\n\n\n<p class=\"paragraphJustify\">Somos Cinthya y Uriel, dos escaladores que se conocieron en 2015 y decidieron formar una familia.<\/p>\n\n\n\n<p class=\"paragraphJustify\">Cinthya naci\u00f3 en la Ciudad de M\u00e9xico y creci\u00f3 en la ciudad de Tampico, Tamaulipas. La vida la llev\u00f3 a conocer la escalada en rocka mientras viv\u00eda en la ciudad de Quer\u00e9taro al rededor del a\u00f1o 2010 y desde entonces \u00e1 sido parte de su vida.<\/p>\n\n\n\n<p class=\"paragraphJustify\">Uriel naci\u00f3 en Franciso I. Madero y creci\u00f3 en la ciudad de Torre\u00f3n, Coahuila. Se mud\u00f3 a Monterrey en busca de trabajo y encontr\u00f3 mucho m\u00e1s que eso. Comenz\u00f3 a escalar alrededor del a\u00f1o 2012.<\/p>\n<\/div>\n<\/div>\n\n\n\n<hr class=\"wp-block-separator has-alpha-channel-opacity\"\/>\n\n\n\n<div class=\"wp-block-columns is-layout-flex wp-container-core-columns-is-layout-28f84493 wp-block-columns-is-layout-flex\">\n<div class=\"wp-block-column is-layout-flow wp-block-column-is-layout-flow\">\n<figure class=\"wp-block-image size-large\"><img decoding=\"async\" width=\"1024\" height=\"878\" src=\"http:\/\/corvusmty.com\/wp-content\/uploads\/2023\/06\/20201116_143139-scaled-e1686633172364-1024x878.jpg\" alt=\"\" class=\"wp-image-149\" srcset=\"https:\/\/corvusmty.com\/wp-content\/uploads\/2023\/06\/20201116_143139-scaled-e1686633172364-1024x878.jpg 1024w, https:\/\/corvusmty.com\/wp-content\/uploads\/2023\/06\/20201116_143139-scaled-e1686633172364-300x257.jpg 300w, https:\/\/corvusmty.com\/wp-content\/uploads\/2023\/06\/20201116_143139-scaled-e1686633172364-768x658.jpg 768w, https:\/\/corvusmty.com\/wp-content\/uploads\/2023\/06\/20201116_143139-scaled-e1686633172364.jpg 1344w\" sizes=\"(max-width: 1024px) 100vw, 1024px\" \/><\/figure>\n<\/div>\n\n\n\n<div class=\"wp-block-column is-layout-flow wp-block-column-is-layout-flow\">\n<figure class=\"wp-block-image size-large\"><img decoding=\"async\" width=\"1024\" height=\"881\" src=\"http:\/\/corvusmty.com\/wp-content\/uploads\/2023\/06\/20220712_172000-scaled-e1686633582196-1024x881.jpg\" alt=\"\" class=\"wp-image-150\" srcset=\"https:\/\/corvusmty.com\/wp-content\/uploads\/2023\/06\/20220712_172000-scaled-e1686633582196-1024x881.jpg 1024w, https:\/\/corvusmty.com\/wp-content\/uploads\/2023\/06\/20220712_172000-scaled-e1686633582196-300x258.jpg 300w, https:\/\/corvusmty.com\/wp-content\/uploads\/2023\/06\/20220712_172000-scaled-e1686633582196-768x660.jpg 768w, https:\/\/corvusmty.com\/wp-content\/uploads\/2023\/06\/20220712_172000-scaled-e1686633582196-1536x1321.jpg 1536w, https:\/\/corvusmty.com\/wp-content\/uploads\/2023\/06\/20220712_172000-scaled-e1686633582196.jpg 1920w\" sizes=\"(max-width: 1024px) 100vw, 1024px\" \/><\/figure>\n<\/div>\n<\/div>\n\n\n\n<figure class=\"wp-block-image size-large\"><img decoding=\"async\" width=\"1024\" height=\"768\" src=\"http:\/\/corvusmty.com\/wp-content\/uploads\/2023\/06\/20201116_143655-1024x768.jpg\" alt=\"\" class=\"wp-image-151\" srcset=\"https:\/\/corvusmty.com\/wp-content\/uploads\/2023\/06\/20201116_143655-1024x768.jpg 1024w, https:\/\/corvusmty.com\/wp-content\/uploads\/2023\/06\/20201116_143655-300x225.jpg 300w, https:\/\/corvusmty.com\/wp-content\/uploads\/2023\/06\/20201116_143655-768x576.jpg 768w, https:\/\/corvusmty.com\/wp-content\/uploads\/2023\/06\/20201116_143655-1536x1152.jpg 1536w, https:\/\/corvusmty.com\/wp-content\/uploads\/2023\/06\/20201116_143655-2048x1536.jpg 2048w\" sizes=\"(max-width: 1024px) 100vw, 1024px\" \/><\/figure>\n\n\n\n<figure class=\"wp-block-image aligncenter size-large\"><img decoding=\"async\" width=\"768\" height=\"1024\" src=\"http:\/\/corvusmty.com\/wp-content\/uploads\/2023\/06\/20221203_152111-768x1024.jpg\" alt=\"\" class=\"wp-image-156\" srcset=\"https:\/\/corvusmty.com\/wp-content\/uploads\/2023\/06\/20221203_152111-768x1024.jpg 768w, https:\/\/corvusmty.com\/wp-content\/uploads\/2023\/06\/20221203_152111-225x300.jpg 225w, https:\/\/corvusmty.com\/wp-content\/uploads\/2023\/06\/20221203_152111-1152x1536.jpg 1152w, https:\/\/corvusmty.com\/wp-content\/uploads\/2023\/06\/20221203_152111-1536x2048.jpg 1536w, https:\/\/corvusmty.com\/wp-content\/uploads\/2023\/06\/20221203_152111-scaled.jpg 1920w\" sizes=\"(max-width: 768px) 100vw, 768px\" \/><\/figure>\n<\/div>","protected":false},"excerpt":{"rendered":"<p>Who are we? We are Cinthya and Uriel, two climbers who met each other in 2015 and decided to form a family. Cinthya was born in M\u00e9xico City and grew up in the city of Tampico, Tamaulipas. She stumbled onto rock climbing while she was living in the city of Queretaro around 2010 and it [&hellip;]<\/p>","protected":false},"author":1,"featured_media":0,"parent":0,"menu_order":0,"comment_status":"closed","ping_status":"closed","template":"","meta":{"footnotes":""},"class_list":["post-46","page","type-page","status-publish","hentry"],"featured_image_url":[],"post_author":"Uriel Fernandez","assigned_categories":"","yoast_head":"<!-- This site is optimized with the Yoast SEO plugin v26.1.1 - https:\/\/yoast.com\/wordpress\/plugins\/seo\/ -->\n<title>About - CORVUS<\/title>\n<meta name=\"robots\" content=\"index, follow, max-snippet:-1, max-image-preview:large, max-video-preview:-1\" \/>\n<link rel=\"canonical\" href=\"https:\/\/corvusmty.com\/en\/about\/\" \/>\n<meta property=\"og:locale\" content=\"en_US\" \/>\n<meta property=\"og:type\" content=\"article\" \/>\n<meta property=\"og:title\" content=\"About - CORVUS\" \/>\n<meta property=\"og:description\" content=\"Who are we? We are Cinthya and Uriel, two climbers who met each other in 2015 and decided to form a family. Cinthya was born in M\u00e9xico City and grew up in the city of Tampico, Tamaulipas. She stumbled onto rock climbing while she was living in the city of Queretaro around 2010 and it [&hellip;]\" \/>\n<meta property=\"og:url\" content=\"https:\/\/corvusmty.com\/en\/about\/\" \/>\n<meta property=\"og:site_name\" content=\"CORVUS\" \/>\n<meta property=\"article:publisher\" content=\"https:\/\/www.facebook.com\/profile.php?id=61565897361252\" \/>\n<meta property=\"article:modified_time\" content=\"2023-10-11T03:59:50+00:00\" \/>\n<meta property=\"og:image\" content=\"http:\/\/corvusmty.com\/wp-content\/uploads\/2023\/06\/20201116_143139-scaled-e1686633172364-1024x878.jpg\" \/>\n<meta name=\"twitter:card\" content=\"summary_large_image\" \/>\n<meta name=\"twitter:label1\" content=\"Est. reading time\" \/>\n\t<meta name=\"twitter:data1\" content=\"1 minute\" \/>\n<script type=\"application\/ld+json\" class=\"yoast-schema-graph\">{\"@context\":\"https:\/\/schema.org\",\"@graph\":[{\"@type\":\"WebPage\",\"@id\":\"https:\/\/corvusmty.com\/about\/\",\"url\":\"https:\/\/corvusmty.com\/about\/\",\"name\":\"About - CORVUS\",\"isPartOf\":{\"@id\":\"https:\/\/corvusmty.com\/#website\"},\"primaryImageOfPage\":{\"@id\":\"https:\/\/corvusmty.com\/about\/#primaryimage\"},\"image\":{\"@id\":\"https:\/\/corvusmty.com\/about\/#primaryimage\"},\"thumbnailUrl\":\"http:\/\/corvusmty.com\/wp-content\/uploads\/2023\/06\/20201116_143139-scaled-e1686633172364-1024x878.jpg\",\"datePublished\":\"2023-05-11T03:42:57+00:00\",\"dateModified\":\"2023-10-11T03:59:50+00:00\",\"breadcrumb\":{\"@id\":\"https:\/\/corvusmty.com\/about\/#breadcrumb\"},\"inLanguage\":\"en-US\",\"potentialAction\":[{\"@type\":\"ReadAction\",\"target\":[\"https:\/\/corvusmty.com\/about\/\"]}]},{\"@type\":\"ImageObject\",\"inLanguage\":\"en-US\",\"@id\":\"https:\/\/corvusmty.com\/about\/#primaryimage\",\"url\":\"http:\/\/corvusmty.com\/wp-content\/uploads\/2023\/06\/20201116_143139-scaled-e1686633172364-1024x878.jpg\",\"contentUrl\":\"http:\/\/corvusmty.com\/wp-content\/uploads\/2023\/06\/20201116_143139-scaled-e1686633172364-1024x878.jpg\"},{\"@type\":\"BreadcrumbList\",\"@id\":\"https:\/\/corvusmty.com\/about\/#breadcrumb\",\"itemListElement\":[{\"@type\":\"ListItem\",\"position\":1,\"name\":\"Home\",\"item\":\"https:\/\/corvusmty.com\/\"},{\"@type\":\"ListItem\",\"position\":2,\"name\":\"About\"}]},{\"@type\":\"WebSite\",\"@id\":\"https:\/\/corvusmty.com\/#website\",\"url\":\"https:\/\/corvusmty.com\/\",\"name\":\"CORVUS\",\"description\":\"We are here to help you reach your next adventure\",\"publisher\":{\"@id\":\"https:\/\/corvusmty.com\/#organization\"},\"potentialAction\":[{\"@type\":\"SearchAction\",\"target\":{\"@type\":\"EntryPoint\",\"urlTemplate\":\"https:\/\/corvusmty.com\/?s={search_term_string}\"},\"query-input\":{\"@type\":\"PropertyValueSpecification\",\"valueRequired\":true,\"valueName\":\"search_term_string\"}}],\"inLanguage\":\"en-US\"},{\"@type\":\"Organization\",\"@id\":\"https:\/\/corvusmty.com\/#organization\",\"name\":\"CORVUS\",\"url\":\"https:\/\/corvusmty.com\/\",\"logo\":{\"@type\":\"ImageObject\",\"inLanguage\":\"en-US\",\"@id\":\"https:\/\/corvusmty.com\/#\/schema\/logo\/image\/\",\"url\":\"https:\/\/corvusmty.com\/wp-content\/uploads\/2024\/09\/Logo_512x512_transparent_bg.png\",\"contentUrl\":\"https:\/\/corvusmty.com\/wp-content\/uploads\/2024\/09\/Logo_512x512_transparent_bg.png\",\"width\":512,\"height\":512,\"caption\":\"CORVUS\"},\"image\":{\"@id\":\"https:\/\/corvusmty.com\/#\/schema\/logo\/image\/\"},\"sameAs\":[\"https:\/\/www.facebook.com\/profile.php?id=61565897361252\",\"https:\/\/www.instagram.com\/corvusmty\"]}]}<\/script>\n<!-- \/ Yoast SEO plugin. -->","yoast_head_json":{"title":"About - CORVUS","robots":{"index":"index","follow":"follow","max-snippet":"max-snippet:-1","max-image-preview":"max-image-preview:large","max-video-preview":"max-video-preview:-1"},"canonical":"https:\/\/corvusmty.com\/en\/about\/","og_locale":"en_US","og_type":"article","og_title":"About - CORVUS","og_description":"Who are we? We are Cinthya and Uriel, two climbers who met each other in 2015 and decided to form a family. Cinthya was born in M\u00e9xico City and grew up in the city of Tampico, Tamaulipas. She stumbled onto rock climbing while she was living in the city of Queretaro around 2010 and it [&hellip;]","og_url":"https:\/\/corvusmty.com\/en\/about\/","og_site_name":"CORVUS","article_publisher":"https:\/\/www.facebook.com\/profile.php?id=61565897361252","article_modified_time":"2023-10-11T03:59:50+00:00","og_image":[{"url":"http:\/\/corvusmty.com\/wp-content\/uploads\/2023\/06\/20201116_143139-scaled-e1686633172364-1024x878.jpg","type":"","width":"","height":""}],"twitter_card":"summary_large_image","twitter_misc":{"Est. reading time":"1 minute"},"schema":{"@context":"https:\/\/schema.org","@graph":[{"@type":"WebPage","@id":"https:\/\/corvusmty.com\/about\/","url":"https:\/\/corvusmty.com\/about\/","name":"About - CORVUS","isPartOf":{"@id":"https:\/\/corvusmty.com\/#website"},"primaryImageOfPage":{"@id":"https:\/\/corvusmty.com\/about\/#primaryimage"},"image":{"@id":"https:\/\/corvusmty.com\/about\/#primaryimage"},"thumbnailUrl":"http:\/\/corvusmty.com\/wp-content\/uploads\/2023\/06\/20201116_143139-scaled-e1686633172364-1024x878.jpg","datePublished":"2023-05-11T03:42:57+00:00","dateModified":"2023-10-11T03:59:50+00:00","breadcrumb":{"@id":"https:\/\/corvusmty.com\/about\/#breadcrumb"},"inLanguage":"en-US","potentialAction":[{"@type":"ReadAction","target":["https:\/\/corvusmty.com\/about\/"]}]},{"@type":"ImageObject","inLanguage":"en-US","@id":"https:\/\/corvusmty.com\/about\/#primaryimage","url":"http:\/\/corvusmty.com\/wp-content\/uploads\/2023\/06\/20201116_143139-scaled-e1686633172364-1024x878.jpg","contentUrl":"http:\/\/corvusmty.com\/wp-content\/uploads\/2023\/06\/20201116_143139-scaled-e1686633172364-1024x878.jpg"},{"@type":"BreadcrumbList","@id":"https:\/\/corvusmty.com\/about\/#breadcrumb","itemListElement":[{"@type":"ListItem","position":1,"name":"Home","item":"https:\/\/corvusmty.com\/"},{"@type":"ListItem","position":2,"name":"About"}]},{"@type":"WebSite","@id":"https:\/\/corvusmty.com\/#website","url":"https:\/\/corvusmty.com\/","name":"CORVUS","description":"We are here to help you reach your next adventure","publisher":{"@id":"https:\/\/corvusmty.com\/#organization"},"potentialAction":[{"@type":"SearchAction","target":{"@type":"EntryPoint","urlTemplate":"https:\/\/corvusmty.com\/?s={search_term_string}"},"query-input":{"@type":"PropertyValueSpecification","valueRequired":true,"valueName":"search_term_string"}}],"inLanguage":"en-US"},{"@type":"Organization","@id":"https:\/\/corvusmty.com\/#organization","name":"CORVUS","url":"https:\/\/corvusmty.com\/","logo":{"@type":"ImageObject","inLanguage":"en-US","@id":"https:\/\/corvusmty.com\/#\/schema\/logo\/image\/","url":"https:\/\/corvusmty.com\/wp-content\/uploads\/2024\/09\/Logo_512x512_transparent_bg.png","contentUrl":"https:\/\/corvusmty.com\/wp-content\/uploads\/2024\/09\/Logo_512x512_transparent_bg.png","width":512,"height":512,"caption":"CORVUS"},"image":{"@id":"https:\/\/corvusmty.com\/#\/schema\/logo\/image\/"},"sameAs":["https:\/\/www.facebook.com\/profile.php?id=61565897361252","https:\/\/www.instagram.com\/corvusmty"]}]}},"jetpack_sharing_enabled":true,"_links":{"self":[{"href":"https:\/\/corvusmty.com\/en\/wp-json\/wp\/v2\/pages\/46","targetHints":{"allow":["GET"]}}],"collection":[{"href":"https:\/\/corvusmty.com\/en\/wp-json\/wp\/v2\/pages"}],"about":[{"href":"https:\/\/corvusmty.com\/en\/wp-json\/wp\/v2\/types\/page"}],"author":[{"embeddable":true,"href":"https:\/\/corvusmty.com\/en\/wp-json\/wp\/v2\/users\/1"}],"replies":[{"embeddable":true,"href":"https:\/\/corvusmty.com\/en\/wp-json\/wp\/v2\/comments?post=46"}],"version-history":[{"count":12,"href":"https:\/\/corvusmty.com\/en\/wp-json\/wp\/v2\/pages\/46\/revisions"}],"predecessor-version":[{"id":811,"href":"https:\/\/corvusmty.com\/en\/wp-json\/wp\/v2\/pages\/46\/revisions\/811"}],"wp:attachment":[{"href":"https:\/\/corvusmty.com\/en\/wp-json\/wp\/v2\/media?parent=46"}],"curies":[{"name":"wp","href":"https:\/\/api.w.org\/{rel}","templated":true}]}}