{"id":1485,"date":"2025-03-27T00:49:14","date_gmt":"2025-03-27T06:49:14","guid":{"rendered":"https:\/\/corvusmty.com\/?page_id=1485"},"modified":"2025-03-27T18:33:22","modified_gmt":"2025-03-28T00:33:22","slug":"seguro-de-accidente","status":"publish","type":"page","link":"https:\/\/corvusmty.com\/en\/seguro-de-accidente\/","title":{"rendered":"Seguro de Accidente"},"content":{"rendered":"<p>De acuerdo al PROYECTO de Modificaci\u00f3n de la Norma Oficial Mexicana NOM-011-TUR-2001, Requisitos de seguridad, informaci\u00f3n y operaci\u00f3n que deben cumplir los prestadores de servicios tur\u00edsticos de Turismo de Aventura. Dentro del proyecto <a href=\"https:\/\/www.dof.gob.mx\/nota_detalle.php?codigo=5638267&amp;fecha=14\/12\/2021#gsc.tab=0\" target=\"_blank\" rel=\"noreferrer noopener nofollow\">PROY-NOM-011-TUR-2021<\/a> en su \u00edndice 4.2.3 menciona sobre los montos m\u00ednimos de cobertura del seguro contra accidentes como se cita a continuaci\u00f3n:<br><br>&#8220;Los montos m\u00ednimos de cobertura para los seguros referidos en el p\u00e1rrafo anterior deben ser:<br>&#8211; Muerte accidental, $150,000 (ciento cincuenta mil pesos 0\/100 M.N.) por persona.<br>&#8211; P\u00e9rdidas org\u00e1nicas, $150,000 (ciento cincuenta mil pesos 0\/100 M.N.) por persona.<br>&#8211; Reembolso de gastos m\u00e9dicos, $75,000 (setenta y cinco mil pesos 0\/100 M.N.) por persona&#8221;<\/p>\n\n\n\n<p>En cumplimiento con la Norma Oficial Mexicana anteriormente mencionada en Corvus te proporcionaremos un seguro con las siguientes caracter\u00edsticas:<\/p>\n\n\n\n<figure class=\"wp-block-table\"><table class=\"has-fixed-layout\"><tbody><tr><td>Reembolso de Gastos M\u00e9dicos<\/td><td>$ 75,000.00 M.N<\/td><\/tr><tr><td>P\u00e9rdidas Org\u00e1nicas<\/td><td>$ 150,000.00 M.N.<\/td><\/tr><tr><td>Fallecimiento<\/td><td>$ 150,000.00 M.N.<\/td><\/tr><tr><td>Gastos Funerarios<\/td><td>$ 150,000.00 M.N.<\/td><\/tr><\/tbody><\/table><\/figure>\n\n\n\n<p><\/p>","protected":false},"excerpt":{"rendered":"<p>De acuerdo al PROYECTO de Modificaci\u00f3n de la Norma Oficial Mexicana NOM-011-TUR-2001, Requisitos de seguridad, informaci\u00f3n y operaci\u00f3n que deben cumplir los prestadores de servicios tur\u00edsticos de Turismo de Aventura. Dentro del proyecto PROY-NOM-011-TUR-2021 en su \u00edndice 4.2.3 menciona sobre los montos m\u00ednimos de cobertura del seguro contra accidentes como se cita a continuaci\u00f3n: &#8220;Los [&hellip;]<\/p>","protected":false},"author":1,"featured_media":0,"parent":0,"menu_order":0,"comment_status":"closed","ping_status":"closed","template":"","meta":{"footnotes":""},"class_list":["post-1485","page","type-page","status-publish","hentry"],"featured_image_url":[],"post_author":"Uriel Fernandez","assigned_categories":"","yoast_head":"<!-- This site is optimized with the Yoast SEO plugin v26.1.1 - https:\/\/yoast.com\/wordpress\/plugins\/seo\/ -->\n<title>Seguro de Accidente - CORVUS<\/title>\n<meta name=\"robots\" content=\"index, follow, max-snippet:-1, max-image-preview:large, max-video-preview:-1\" \/>\n<link rel=\"canonical\" href=\"https:\/\/corvusmty.com\/en\/seguro-de-accidente\/\" \/>\n<meta property=\"og:locale\" content=\"en_US\" \/>\n<meta property=\"og:type\" content=\"article\" \/>\n<meta property=\"og:title\" content=\"Seguro de Accidente - CORVUS\" \/>\n<meta property=\"og:description\" content=\"De acuerdo al PROYECTO de Modificaci\u00f3n de la Norma Oficial Mexicana NOM-011-TUR-2001, Requisitos de seguridad, informaci\u00f3n y operaci\u00f3n que deben cumplir los prestadores de servicios tur\u00edsticos de Turismo de Aventura. Dentro del proyecto PROY-NOM-011-TUR-2021 en su \u00edndice 4.2.3 menciona sobre los montos m\u00ednimos de cobertura del seguro contra accidentes como se cita a continuaci\u00f3n: &#8220;Los [&hellip;]\" \/>\n<meta property=\"og:url\" content=\"https:\/\/corvusmty.com\/en\/seguro-de-accidente\/\" \/>\n<meta property=\"og:site_name\" content=\"CORVUS\" \/>\n<meta property=\"article:publisher\" content=\"https:\/\/www.facebook.com\/profile.php?id=61565897361252\" \/>\n<meta property=\"article:modified_time\" content=\"2025-03-28T00:33:22+00:00\" \/>\n<meta name=\"twitter:card\" content=\"summary_large_image\" \/>\n<meta name=\"twitter:label1\" content=\"Est. reading time\" \/>\n\t<meta name=\"twitter:data1\" content=\"1 minute\" \/>\n<script type=\"application\/ld+json\" class=\"yoast-schema-graph\">{\"@context\":\"https:\/\/schema.org\",\"@graph\":[{\"@type\":\"WebPage\",\"@id\":\"https:\/\/corvusmty.com\/seguro-de-accidente\/\",\"url\":\"https:\/\/corvusmty.com\/seguro-de-accidente\/\",\"name\":\"Seguro de Accidente - CORVUS\",\"isPartOf\":{\"@id\":\"https:\/\/corvusmty.com\/#website\"},\"datePublished\":\"2025-03-27T06:49:14+00:00\",\"dateModified\":\"2025-03-28T00:33:22+00:00\",\"breadcrumb\":{\"@id\":\"https:\/\/corvusmty.com\/seguro-de-accidente\/#breadcrumb\"},\"inLanguage\":\"en-US\",\"potentialAction\":[{\"@type\":\"ReadAction\",\"target\":[\"https:\/\/corvusmty.com\/seguro-de-accidente\/\"]}]},{\"@type\":\"BreadcrumbList\",\"@id\":\"https:\/\/corvusmty.com\/seguro-de-accidente\/#breadcrumb\",\"itemListElement\":[{\"@type\":\"ListItem\",\"position\":1,\"name\":\"Home\",\"item\":\"https:\/\/corvusmty.com\/\"},{\"@type\":\"ListItem\",\"position\":2,\"name\":\"Seguro de Accidente\"}]},{\"@type\":\"WebSite\",\"@id\":\"https:\/\/corvusmty.com\/#website\",\"url\":\"https:\/\/corvusmty.com\/\",\"name\":\"CORVUS\",\"description\":\"We are here to help you reach your next adventure\",\"publisher\":{\"@id\":\"https:\/\/corvusmty.com\/#organization\"},\"potentialAction\":[{\"@type\":\"SearchAction\",\"target\":{\"@type\":\"EntryPoint\",\"urlTemplate\":\"https:\/\/corvusmty.com\/?s={search_term_string}\"},\"query-input\":{\"@type\":\"PropertyValueSpecification\",\"valueRequired\":true,\"valueName\":\"search_term_string\"}}],\"inLanguage\":\"en-US\"},{\"@type\":\"Organization\",\"@id\":\"https:\/\/corvusmty.com\/#organization\",\"name\":\"CORVUS\",\"url\":\"https:\/\/corvusmty.com\/\",\"logo\":{\"@type\":\"ImageObject\",\"inLanguage\":\"en-US\",\"@id\":\"https:\/\/corvusmty.com\/#\/schema\/logo\/image\/\",\"url\":\"https:\/\/corvusmty.com\/wp-content\/uploads\/2024\/09\/Logo_512x512_transparent_bg.png\",\"contentUrl\":\"https:\/\/corvusmty.com\/wp-content\/uploads\/2024\/09\/Logo_512x512_transparent_bg.png\",\"width\":512,\"height\":512,\"caption\":\"CORVUS\"},\"image\":{\"@id\":\"https:\/\/corvusmty.com\/#\/schema\/logo\/image\/\"},\"sameAs\":[\"https:\/\/www.facebook.com\/profile.php?id=61565897361252\",\"https:\/\/www.instagram.com\/corvusmty\"]}]}<\/script>\n<!-- \/ Yoast SEO plugin. -->","yoast_head_json":{"title":"Seguro de Accidente - CORVUS","robots":{"index":"index","follow":"follow","max-snippet":"max-snippet:-1","max-image-preview":"max-image-preview:large","max-video-preview":"max-video-preview:-1"},"canonical":"https:\/\/corvusmty.com\/en\/seguro-de-accidente\/","og_locale":"en_US","og_type":"article","og_title":"Seguro de Accidente - CORVUS","og_description":"De acuerdo al PROYECTO de Modificaci\u00f3n de la Norma Oficial Mexicana NOM-011-TUR-2001, Requisitos de seguridad, informaci\u00f3n y operaci\u00f3n que deben cumplir los prestadores de servicios tur\u00edsticos de Turismo de Aventura. Dentro del proyecto PROY-NOM-011-TUR-2021 en su \u00edndice 4.2.3 menciona sobre los montos m\u00ednimos de cobertura del seguro contra accidentes como se cita a continuaci\u00f3n: &#8220;Los [&hellip;]","og_url":"https:\/\/corvusmty.com\/en\/seguro-de-accidente\/","og_site_name":"CORVUS","article_publisher":"https:\/\/www.facebook.com\/profile.php?id=61565897361252","article_modified_time":"2025-03-28T00:33:22+00:00","twitter_card":"summary_large_image","twitter_misc":{"Est. reading time":"1 minute"},"schema":{"@context":"https:\/\/schema.org","@graph":[{"@type":"WebPage","@id":"https:\/\/corvusmty.com\/seguro-de-accidente\/","url":"https:\/\/corvusmty.com\/seguro-de-accidente\/","name":"Seguro de Accidente - CORVUS","isPartOf":{"@id":"https:\/\/corvusmty.com\/#website"},"datePublished":"2025-03-27T06:49:14+00:00","dateModified":"2025-03-28T00:33:22+00:00","breadcrumb":{"@id":"https:\/\/corvusmty.com\/seguro-de-accidente\/#breadcrumb"},"inLanguage":"en-US","potentialAction":[{"@type":"ReadAction","target":["https:\/\/corvusmty.com\/seguro-de-accidente\/"]}]},{"@type":"BreadcrumbList","@id":"https:\/\/corvusmty.com\/seguro-de-accidente\/#breadcrumb","itemListElement":[{"@type":"ListItem","position":1,"name":"Home","item":"https:\/\/corvusmty.com\/"},{"@type":"ListItem","position":2,"name":"Seguro de Accidente"}]},{"@type":"WebSite","@id":"https:\/\/corvusmty.com\/#website","url":"https:\/\/corvusmty.com\/","name":"CORVUS","description":"We are here to help you reach your next adventure","publisher":{"@id":"https:\/\/corvusmty.com\/#organization"},"potentialAction":[{"@type":"SearchAction","target":{"@type":"EntryPoint","urlTemplate":"https:\/\/corvusmty.com\/?s={search_term_string}"},"query-input":{"@type":"PropertyValueSpecification","valueRequired":true,"valueName":"search_term_string"}}],"inLanguage":"en-US"},{"@type":"Organization","@id":"https:\/\/corvusmty.com\/#organization","name":"CORVUS","url":"https:\/\/corvusmty.com\/","logo":{"@type":"ImageObject","inLanguage":"en-US","@id":"https:\/\/corvusmty.com\/#\/schema\/logo\/image\/","url":"https:\/\/corvusmty.com\/wp-content\/uploads\/2024\/09\/Logo_512x512_transparent_bg.png","contentUrl":"https:\/\/corvusmty.com\/wp-content\/uploads\/2024\/09\/Logo_512x512_transparent_bg.png","width":512,"height":512,"caption":"CORVUS"},"image":{"@id":"https:\/\/corvusmty.com\/#\/schema\/logo\/image\/"},"sameAs":["https:\/\/www.facebook.com\/profile.php?id=61565897361252","https:\/\/www.instagram.com\/corvusmty"]}]}},"jetpack_sharing_enabled":true,"_links":{"self":[{"href":"https:\/\/corvusmty.com\/en\/wp-json\/wp\/v2\/pages\/1485","targetHints":{"allow":["GET"]}}],"collection":[{"href":"https:\/\/corvusmty.com\/en\/wp-json\/wp\/v2\/pages"}],"about":[{"href":"https:\/\/corvusmty.com\/en\/wp-json\/wp\/v2\/types\/page"}],"author":[{"embeddable":true,"href":"https:\/\/corvusmty.com\/en\/wp-json\/wp\/v2\/users\/1"}],"replies":[{"embeddable":true,"href":"https:\/\/corvusmty.com\/en\/wp-json\/wp\/v2\/comments?post=1485"}],"version-history":[{"count":5,"href":"https:\/\/corvusmty.com\/en\/wp-json\/wp\/v2\/pages\/1485\/revisions"}],"predecessor-version":[{"id":1498,"href":"https:\/\/corvusmty.com\/en\/wp-json\/wp\/v2\/pages\/1485\/revisions\/1498"}],"wp:attachment":[{"href":"https:\/\/corvusmty.com\/en\/wp-json\/wp\/v2\/media?parent=1485"}],"curies":[{"name":"wp","href":"https:\/\/api.w.org\/{rel}","templated":true}]}}